{"id":980,"date":"2017-02-03T15:40:36","date_gmt":"2017-02-03T21:40:36","guid":{"rendered":"http:\/\/cadena.mainpop.mx\/?page_id=980"},"modified":"2017-02-03T15:40:36","modified_gmt":"2017-02-03T21:40:36","slug":"san-miguel-de-allende","status":"publish","type":"page","link":"https:\/\/sites1.cheverin.com\/abrahamcadena\/san-miguel-de-allende\/","title":{"rendered":"San Miguel de Allende"},"content":{"rendered":"<h1>20 COSAS QUE HACER AQU\u00cd<\/h1>\n<p>Te pres<img loading=\"lazy\" decoding=\"async\" class=\" wp-image-994 alignleft\" src=\"http:\/\/cadena.mainpop.mx\/wp-content\/uploads\/2017\/02\/San-Miguel-De-Allende-9796-smalltabletRetina-300x169.jpg\" alt=\"\" width=\"366\" height=\"206\" \/>entamos las actividades que no puedes dejar de realizar durante tu pr\u00f3xima visita a esta ciudad colonial de Guanajuato, declarada como Patrimonio de la Humanidad (UNESCO) en 2008.<\/p>\n<p><strong>1.<\/strong> Camina por las calles de la ciudad y admira la arquitectura colonial de sus hermosas construcciones. Comprender\u00e1s por qu\u00e9 <a href=\"https:\/\/www.mexicodesconocido.com.mx\/san-miguel-de-allende.html\" target=\"_blank\">San Miguel de Allende<\/a> es considerada como una de las urbes m\u00e1s bellas de M\u00e9xico.<\/p>\n<p><strong>2.<\/strong> Visita la <strong>parroquia de San Miguel Arc\u00e1ngel<\/strong>, s\u00edmbolo de la ciudad, erigida a finales del siglo XVII. No pierdas detalle de su llamativa fachada de estilo neog\u00f3tico, dise\u00f1ada por el maestro Ceferino Guti\u00e9rrez y sobrepuesta hacia 1880.<\/p>\n<p><strong>3.<\/strong> Visita el <strong>Mercado de Artesan\u00edas<\/strong> y en el andador Lucas Balderas adquiere una (o varias) de las t\u00edpicas artesan\u00edas en lat\u00f3n y l\u00e1mina natural, cobrizada y decorada que se ofrecen en el lugar.<\/p>\n<p><strong>4.<\/strong> Si te interesa la historia, no puedes dejar de conocer el <strong>ex Palacio Municipal<\/strong>, con<br \/>\nstruido en 1736. En el descanso de su escalera podr\u00e1s ver las figuras de <a href=\"https:\/\/www.mexicodesconocido.com.mx\/bicentenario-de-la-independencia-miguel-hidalgo-y-costilla.html\" target=\"_blank\">Miguel Hidalgo<\/a> e <a href=\"https:\/\/www.mexicodesconocido.com.mx\/ignacio-allende.html\" target=\"_blank\">Ignacio Allende<\/a>. Fue aqu\u00ed donde se instal\u00f3 el primer Ayuntamiento del M\u00e9xico independiente en 1810.<\/p>\n<p><strong>5.<\/strong> Visita la <strong>Casa de Allende<\/strong>. De bella portada neocl\u00e1sica dise\u00f1ada a mediados del siglo XVIII, esta construcci\u00f3n alberga una interesante colecci\u00f3n de piezas de la \u00e9poca de la <a href=\"https:\/\/www.mexicodesconocido.com.mx\/la-independencia-de-mexico-1810-1821.html\" target=\"_blank\">Independencia<\/a> dispuestas en las habitaciones que vieron nacer al pr\u00f3cer Ignacio Allende y Unzaga.<\/p>\n<p><strong>6.<\/strong> Admira la magn\u00edfica fachada del <strong>Templo de San Francisco<\/strong>, de estilo churrigueresco, con numerosas pilastras est\u00edpites; una notable torre y c\u00fapula neocl\u00e1sicas atribuidas al reconoc<br \/>\nido arquitecto Francisco Tresguerras.<\/p>\n<p><strong>7.<\/strong> T\u00f3mate una foto junto a la estatua ecuestre de <strong>Ignacio Allende<\/strong>, ubicada en la <strong>Plaza C\u00edvica<\/strong>, el espacio de reuni\u00f3n m\u00e1s grande de la ciudad (localizado en la zona norte). Su trazo es de 1555 y durante alg\u00fan tiempo fue considerado el centro original de la poblaci\u00f3n.<\/p>\n<p><strong>8.<\/strong> Hosp\u00e9date en alguno de sus exclusivos <strong>hoteles boutique<\/strong> alojados en lo que antiguamente fueran casonas coloniales o del siglo XIX pero que ahora, revitalizadas, ofrecen c\u00f3modas habitaciones y sendos jardines de ensue\u00f1o. Algunos ofrecen tratamientos de spa y ba\u00f1os temazcal.<img loading=\"lazy\" decoding=\"async\" class=\"size-full wp-image-996 alignright\" src=\"http:\/\/cadena.mainpop.mx\/wp-content\/uploads\/2017\/02\/descarga.jpg\" alt=\"\" width=\"275\" height=\"183\" \/><\/p>\n<p><strong>9.<\/strong> A un costado de la Plaza C\u00edvica se encuentra el <strong>templo de Nuestra Se\u00f1ora de la Salud<\/strong> que hacia finales del siglo XVIII serv\u00eda como capilla para el Colegio de San Francisco de Sales. En este lugar se dice que se conserva la campana m\u00e1s antigua de esta ciudad patrimonio. \u00a1No dejes de buscarla!<\/p>\n<p><strong>10.<\/strong> Saborea unos deliciosos churros y un chocolate calientito en el tradicional restaurante <strong>San Agust\u00edn<\/strong>, propiedad de la conocida actriz Margarita Gralia, ubicado en una antigua mansi\u00f3n del siglo XVIII a unos cuantos pasos del Templo de San Francisco.<\/p>\n<p><strong>11.<\/strong> Durante el mes de junio, no te puedes perder el <a href=\"https:\/\/www.mexicodesconocido.com.mx\/la-fiesta-de-los-locos-en-san-miguel-de-allende.html\" target=\"_blank\">Desfile de los Locos<\/a>, original evento que cada a\u00f1o cobra mayor popularidad. En el marco de esta fiesta, que se lleva a cabo el domingo siguiente al D\u00eda de San Antonio, los participantes tienen que disfrazarse y regalar dulces al p\u00fablico que asiste.<\/p>\n<p><strong>12.<\/strong> Si te gusta la bot\u00e1nica, 2.5 km al noreste del centro de San Miguel, muy cerca de la antigua presa, se encuentra el <strong>Jard\u00edn bot\u00e1nico \u201cEl Charco del Ingenio<br \/>\n\u201d<\/strong>. En esta reserva, de aproximadamente 67 hect\u00e1reas, se exhiben unas 1,300 especies de cact\u00e1ceas que \u00a1no puedes dejar de conocer!<\/p>\n<p><strong>13.<\/strong> En la esquina que hacen la Calle de la canal y la Plaza Principal se levanta la <strong>Casa del Mayorazgo<\/strong>, hermosa propiedad (privada) considerada como uno de los mejores ejemplares entre los palacios nobiliarios de la \u00e9poca colonial en M\u00e9xico. \u00a1Admira su notable portada de cantera estilo barroco!<\/p>\n<p><strong>14.<\/strong> En septiembre, an\u00edmate a vivir las fiestas patrias en esta ciudad. La <strong>noche del Grito<\/strong> es siempre amenizada por m\u00fasica de mariachi, fuegos artificiales y numerosos puestos en los que encontrar\u00e1s toda clase de antojitos, dulces y bebidas t\u00ed<img loading=\"lazy\" decoding=\"async\" class=\"size-medium wp-image-997 alignleft\" src=\"http:\/\/cadena.mainpop.mx\/wp-content\/uploads\/2017\/02\/globos-en-san-miguel-de-allende-300x200.jpg\" alt=\"\" width=\"300\" height=\"200\" \/>picas.<\/p>\n<p><strong>15.<\/strong> 18 km al noroeste de San Miguel se localiza la poblaci\u00f3n de Atotonilco. Ah\u00ed podr\u00e1s conocer el magn\u00edfico <strong>Templo y Ex Convento de Jes\u00fas Nazareno<\/strong>, tambi\u00e9n reconocido como <a href=\"https:\/\/www.mexicodesconocido.com.mx\/descubre-los-sitios-mexicanos-patrimonio-de-la-humanidad.html\" target=\"_blank\">Patrimonio de la Humanidad<\/a> por la UNESCO por alojar espectaculares capillas, pinturas y retablos.<\/p>\n<p><strong>16.<\/strong> Saborea lo mejor de la cocina nacional e internacional en sus tradicionales <strong>restaurantes<\/strong> ubicados principalmente en la zona de la plaza central. Entre los m\u00e1s reconocidos est\u00e1n: la Fonda San Miguel, Casa Allende, Los Milagros, Mamma M\u00eda, entre otros.<\/p>\n<p><strong>17.<\/strong> Por la noche, San Miguel de Allende tambi\u00e9n ofrece una gran variedad de <strong>bares, terrazas y caf\u00e9s<\/strong> en los que, acompa\u00f1ado de tus amigos y de una buena bebida, podr\u00e1s disfrutar de la mejor m\u00fasica, de DJ o en vivo, hasta altas horas de la madrugada.<\/p>\n<p><strong>18.<\/strong> Si viajas en el mes de marzo, no te pierdas las actividades que conforman el <strong>Festival de M\u00fasica Barroca<\/strong>, ideal para aquellos amantes de la m\u00fasica cl\u00e1sica o de \u00e9poca, interpretada -con instrumentos originales- por reconocidas orquestas, grupos o solistas provenientes de distintas partes del mundo.<\/p>\n<p><strong>19.<\/strong> Muy cerca del Paseo del Chorro est\u00e1 el <strong>mirador de San Miguel<\/strong>. Desde ah\u00ed, la vista es incre\u00edble y podr\u00e1s reconocer la silueta de la parroquia de San Miguel Arc\u00e1ngel, la c\u00fapula y la torre del Templo de San Francisco y, m\u00e1s a lo lejos, la imagen de la presa Allende. Un espect\u00e1culo qu<br \/>\ne sencillamente, no puedes perderte.<\/p>\n<p><strong>20.<\/strong> 38 km al noroeste de San Miguel se ubica el Pueblo M\u00e1gico de <a href=\"https:\/\/www.mexicodesconocido.com.mx\/dolores-hidalgo-pueblos-magicos-de-mexico.html\" target=\"_blank\">Dolores Hidalgo<\/a>, famoso porque, adem\u00e1s de ser la cuna de la Independencia, ah\u00ed se pueden adquirir toda clase de objetos y adornos elaborados en talavera \u00a1a muy buenos precios!<\/p>\n<p>&nbsp;<\/p>\n<p>Fuente:\u00a0https:\/\/www.mexicodesconocido.com.mx\/cosas-que-hacer-san-miguel-de-allende.html<\/p>\n<!-- AddThis Advanced Settings generic via filter on the_content --><!-- AddThis Share Buttons generic via filter on the_content -->","protected":false},"excerpt":{"rendered":"<p>20 COSAS QUE HACER AQU\u00cd Te presentamos las actividades que no puedes dejar de realizar durante tu pr\u00f3xima visita a esta ciudad colonial de Guanajuato, declarada como Patrimonio de la Humanidad (UNESCO) en 2008. 1. Camina por las calles de &hellip; <a href=\"https:\/\/sites1.cheverin.com\/abrahamcadena\/san-miguel-de-allende\/\">Continued<\/a><!-- AddThis Advanced Settings generic via filter on get_the_excerpt --><!-- AddThis Share Buttons generic via filter on get_the_excerpt --><\/p>\n","protected":false},"author":1,"featured_media":0,"parent":0,"menu_order":0,"comment_status":"closed","ping_status":"closed","template":"page-fullwidth.php","meta":{"footnotes":""},"class_list":["post-980","page","type-page","status-publish","hentry"],"_links":{"self":[{"href":"https:\/\/sites1.cheverin.com\/abrahamcadena\/wp-json\/wp\/v2\/pages\/980","targetHints":{"allow":["GET"]}}],"collection":[{"href":"https:\/\/sites1.cheverin.com\/abrahamcadena\/wp-json\/wp\/v2\/pages"}],"about":[{"href":"https:\/\/sites1.cheverin.com\/abrahamcadena\/wp-json\/wp\/v2\/types\/page"}],"author":[{"embeddable":true,"href":"https:\/\/sites1.cheverin.com\/abrahamcadena\/wp-json\/wp\/v2\/users\/1"}],"replies":[{"embeddable":true,"href":"https:\/\/sites1.cheverin.com\/abrahamcadena\/wp-json\/wp\/v2\/comments?post=980"}],"version-history":[{"count":0,"href":"https:\/\/sites1.cheverin.com\/abrahamcadena\/wp-json\/wp\/v2\/pages\/980\/revisions"}],"wp:attachment":[{"href":"https:\/\/sites1.cheverin.com\/abrahamcadena\/wp-json\/wp\/v2\/media?parent=980"}],"curies":[{"name":"wp","href":"https:\/\/api.w.org\/{rel}","templated":true}]}}