{"id":982,"date":"2017-02-03T15:40:53","date_gmt":"2017-02-03T21:40:53","guid":{"rendered":"http:\/\/cadena.mainpop.mx\/?page_id=982"},"modified":"2017-02-03T15:40:53","modified_gmt":"2017-02-03T21:40:53","slug":"conocenos","status":"publish","type":"page","link":"https:\/\/sites1.cheverin.com\/abrahamcadena\/conocenos\/","title":{"rendered":"C\u00f3nocenos"},"content":{"rendered":"<p><strong><img loading=\"lazy\" decoding=\"async\" class=\"size-medium wp-image-1003 aligncenter\" src=\"http:\/\/cadena.mainpop.mx\/wp-content\/uploads\/2017\/02\/cadena-real-estate-300x126.jpg\" alt=\"\" width=\"300\" height=\"126\" \/>Abraham Cadena Real Estate<\/strong> es una empresa familiar de bienes ra\u00edces dedicada a la venta, renta, compra y administraci\u00f3n de propiedades, ofreciendo siempre un servicio de calidad a nuestros clientes con excelencia profesional. Abraham cadena ha confiado su nombre en el mercado inmobiliario desde 1974 y mas tarde al abrir su agencia inmobiliaria en 1989. Sea cual sea su presupuesto o necesidades de bienes ra\u00edces , nuestra experiencia y conocimiento de San Miguel aseguran una excelente decisi\u00f3n del cliente.<\/p>\n<p><strong> Misi\u00f3n:<\/strong><\/p>\n<p>Satisfacer las necesidades inmobiliarias de nuestros Clientes en relaci\u00f3n con la compra, venta o administraci\u00f3n del inmueble, brind\u00e1ndoles un excelente servicio que garantice su entera satisfacci\u00f3n con la posibilidad de futuros negocios y amplia recomendaci\u00f3n.<\/p>\n<p><strong>Visi\u00f3n:<\/strong><\/p>\n<p>Ser siempre una empresa de vanguardista, altamente competitiva, eficaz y eficiente en todos nuestros procesos, ofreciendo siempre un servicio profesional y personalizado, orientado a cuidar el patrimonio de nuestros clientes, y lograr nuestro desarrollo como empresa, capaz de satisfacer las necesidades y deseos inmobiliarios de nuestros Clientes.<\/p>\n<p><strong>Valores <\/strong><\/p>\n<p>\u2713 Responsabilidad<\/p>\n<p>\u2713 Honestidad<\/p>\n<p>\u2713 Profesionalismo<\/p>\n<p>\u2713 Confianza<\/p>\n<p>\u2713 Transparencia<\/p>\n<p>\u2713 Respeto<\/p>\n<!-- AddThis Advanced Settings generic via filter on the_content --><!-- AddThis Share Buttons generic via filter on the_content -->","protected":false},"excerpt":{"rendered":"<p>Abraham Cadena Real Estate es una empresa familiar de bienes ra\u00edces dedicada a la venta, renta, compra y administraci\u00f3n de propiedades, ofreciendo siempre un servicio de calidad a nuestros clientes con excelencia profesional. Abraham cadena ha confiado su nombre en &hellip; <a href=\"https:\/\/sites1.cheverin.com\/abrahamcadena\/conocenos\/\">Continued<\/a><!-- AddThis Advanced Settings generic via filter on get_the_excerpt --><!-- AddThis Share Buttons generic via filter on get_the_excerpt --><\/p>\n","protected":false},"author":1,"featured_media":0,"parent":0,"menu_order":0,"comment_status":"closed","ping_status":"closed","template":"","meta":{"footnotes":""},"class_list":["post-982","page","type-page","status-publish","hentry"],"_links":{"self":[{"href":"https:\/\/sites1.cheverin.com\/abrahamcadena\/wp-json\/wp\/v2\/pages\/982","targetHints":{"allow":["GET"]}}],"collection":[{"href":"https:\/\/sites1.cheverin.com\/abrahamcadena\/wp-json\/wp\/v2\/pages"}],"about":[{"href":"https:\/\/sites1.cheverin.com\/abrahamcadena\/wp-json\/wp\/v2\/types\/page"}],"author":[{"embeddable":true,"href":"https:\/\/sites1.cheverin.com\/abrahamcadena\/wp-json\/wp\/v2\/users\/1"}],"replies":[{"embeddable":true,"href":"https:\/\/sites1.cheverin.com\/abrahamcadena\/wp-json\/wp\/v2\/comments?post=982"}],"version-history":[{"count":0,"href":"https:\/\/sites1.cheverin.com\/abrahamcadena\/wp-json\/wp\/v2\/pages\/982\/revisions"}],"wp:attachment":[{"href":"https:\/\/sites1.cheverin.com\/abrahamcadena\/wp-json\/wp\/v2\/media?parent=982"}],"curies":[{"name":"wp","href":"https:\/\/api.w.org\/{rel}","templated":true}]}}